{"id":1191,"date":"2023-02-08T14:03:53","date_gmt":"2023-02-08T19:03:53","guid":{"rendered":"https:\/\/angrypaesano.com\/?post_type=product&#038;p=1191"},"modified":"2025-03-21T11:47:40","modified_gmt":"2025-03-21T15:47:40","slug":"pate-a-pizza","status":"publish","type":"product","link":"https:\/\/angrypaesano.com\/fr\/produit\/pate-a-pizza\/","title":{"rendered":"P\u00e2te \u00e0 pizza (paquet de 1)"},"content":{"rendered":"<h4><em>P\u00e2te \u00e0 pizza crue &#8211; la m\u00eame que celle utilis\u00e9e par l&rsquo;Angry Paesano !<\/em><\/h4>\n<p>Vous voulez \u00eatre une Pizzaiola ? Laissez-nous vous mettre sur la voie avec nos propres boules de p\u00e2te congel\u00e9es napolitaines ! Maintenant vendue en paquets de 2, il suffit de retirer la p\u00e2te de l&#8217;emballage, de la placer dans un r\u00e9cipient ayant suffisamment de place pour que la p\u00e2te double, de placer un couvercle \u00e9tanche sur votre r\u00e9cipient et de laisser la p\u00e2te reposer pendant 8 \u00e0 10 heures \u00e0 temp\u00e9rature ambiante (22-24 degr\u00e9s Celsius). Pr\u00e9parez-vous maintenant \u00e0 vivre un moment d\u00e9licieux et amusant avec votre famille et vos amis !<\/p>\n<p><em>(Apprenez \u00e0 \u00e9tirer votre propre p\u00e2te \u00e0 pizza avec notre vid\u00e9o DIY&#8230;. bient\u00f4t !)<\/em><\/p>\n<p><iframe \n  src=\"https:\/\/player.vimeo.com\/video\/1067034618?title=0&#038;byline=0&#038;portrait=0&#038;autoplay=0&#038;muted=0&#038;playsinline=1\" \n  width=\"100%\" \n  frameborder=\"0\" \n  allow=\"fullscreen; picture-in-picture\" \n  allowfullscreen><br \/>\n<\/iframe><\/p>\n<p><span style=\"font-weight: 400;\">Chez Angry Paesano, tout commence avec une bonne p\u00e2te.\u00a0<\/span><\/p>\n<h3><b>1. D\u00e9cong\u00e9lation<\/b><\/h3>\n<p><span style=\"font-weight: 400;\">La veille, placez la p\u00e2te au r\u00e9frig\u00e9rateur.<\/span><span style=\"font-weight: 400;\"><br \/>\n<\/span><span style=\"font-weight: 400;\"> 24h heures plus tard, laissez-la reposer \u00e0 temp\u00e9rature ambiante pendant quatre heures, jusqu\u2019\u00e0 ce qu\u2019elle soit souple et facile \u00e0 travailler.<\/span><\/p>\n<h3><b>2. Pr\u00e9paration<\/b><\/h3>\n<p><span style=\"font-weight: 400;\">Assurez-vous que la p\u00e2te est \u00e0 temp\u00e9rature ambiante, douce et extensible.<\/span><span style=\"font-weight: 400;\"><br \/>\n<\/span><span style=\"font-weight: 400;\"> Pr\u00e9chauffez votre four \u00e0 500\u00b0F (260\u00b0C) en mode convection.<\/span><span style=\"font-weight: 400;\"><br \/>\n<\/span><span style=\"font-weight: 400;\"> Farinez l\u00e9g\u00e8rement votre plan de travail avec de la farine ou de la semoule pour \u00e9viter que la p\u00e2te ne colle.<\/span><\/p>\n<h3><b>3. Fa\u00e7onnage<\/b><\/h3>\n<p><span style=\"font-weight: 400;\">Travaillez la p\u00e2te avec vos mains pour lui donner la forme souhait\u00e9e : napolitaine, romaine ou \u00e0 votre style.<\/span><span style=\"font-weight: 400;\"><br \/>\n<\/span><span style=\"font-weight: 400;\"> R\u00e9partissez la sauce tomate de mani\u00e8re uniforme pour un \u00e9quilibre parfait des saveurs.<\/span><\/p>\n<h3><b>4. Premi\u00e8re cuisson<\/b><\/h3>\n<p><span style=\"font-weight: 400;\">Enfournez la pizza et faites cuire pendant 8 \u00e0 10 minutes, jusqu\u2019\u00e0 ce que la cro\u00fbte soit dor\u00e9e et croustillante.<\/span><\/p>\n<h3><b>5. Finitions<\/b><\/h3>\n<p><span style=\"font-weight: 400;\">Sortez la pizza du four et ajoutez la mozzarella Fior di Latte.<\/span><span style=\"font-weight: 400;\"><br \/>\n<\/span><span style=\"font-weight: 400;\"> Passez le four en mode gril (broil) et remettez la pizza pendant une minute, juste le temps que le fromage fonde.<\/span><\/p>\n<h3><b>6. Derni\u00e8re touche<\/b><\/h3>\n<p><span style=\"font-weight: 400;\">Ajoutez quelques feuilles de basilic frais et un filet d\u2019huile d\u2019olive.<\/span><span style=\"font-weight: 400;\"><br \/>\n<\/span><span style=\"font-weight: 400;\"> Votre pizza Margherita fa\u00e7on Angry Paesano est pr\u00eate : simple, authentique et irr\u00e9sistible.<\/span><\/p>\n","protected":false},"excerpt":{"rendered":"<p>&nbsp;<\/p>\n<p><strong>Pizza surgel\u00e9e<\/strong><\/p>\n<p><strong><em>Ingr\u00e9dients : <\/em><\/strong><br \/>\nTomates San Marzano, fromage mozzarella, pepperoni, saucisse r\u00f4tie, bacon.<\/p>\n","protected":false},"featured_media":1714,"comment_status":"open","ping_status":"closed","template":"","meta":{"_acf_changed":false,"_et_pb_use_builder":"off","_et_pb_old_content":"<h4><em>P\u00e2te \u00e0 pizza crue - la m\u00eame que celle utilis\u00e9e par l'Angry Paesano !<\/em><\/h4>\r\nVous voulez \u00eatre une Pizzaiola ? Laissez-nous vous mettre sur la voie avec nos propres boules de p\u00e2te congel\u00e9es napolitaines ! Maintenant vendue en paquets de 2, il suffit de retirer la p\u00e2te de l'emballage, de la placer dans un r\u00e9cipient ayant suffisamment de place pour que la p\u00e2te double, de placer un couvercle \u00e9tanche sur votre r\u00e9cipient et de laisser la p\u00e2te reposer pendant 8 \u00e0 10 heures \u00e0 temp\u00e9rature ambiante (22-24 degr\u00e9s Celsius). Pr\u00e9parez-vous maintenant \u00e0 vivre un moment d\u00e9licieux et amusant avec votre famille et vos amis !\r\n\r\n<em>(Apprenez \u00e0 \u00e9tirer votre propre p\u00e2te \u00e0 pizza avec notre vid\u00e9o DIY.... bient\u00f4t !)<\/em>","_et_gb_content_width":""},"product_brand":[],"product_cat":[91,83],"product_tag":[],"class_list":{"0":"post-1191","1":"product","2":"type-product","3":"status-publish","4":"has-post-thumbnail","6":"product_cat-pate-a-pizza","7":"product_cat-pizza-fr","9":"first","10":"instock","11":"shipping-taxable","12":"purchasable","13":"product-type-simple"},"acf":[],"aioseo_notices":[],"_links":{"self":[{"href":"https:\/\/angrypaesano.com\/fr\/wp-json\/wp\/v2\/product\/1191","targetHints":{"allow":["GET"]}}],"collection":[{"href":"https:\/\/angrypaesano.com\/fr\/wp-json\/wp\/v2\/product"}],"about":[{"href":"https:\/\/angrypaesano.com\/fr\/wp-json\/wp\/v2\/types\/product"}],"replies":[{"embeddable":true,"href":"https:\/\/angrypaesano.com\/fr\/wp-json\/wp\/v2\/comments?post=1191"}],"wp:featuredmedia":[{"embeddable":true,"href":"https:\/\/angrypaesano.com\/fr\/wp-json\/wp\/v2\/media\/1714"}],"wp:attachment":[{"href":"https:\/\/angrypaesano.com\/fr\/wp-json\/wp\/v2\/media?parent=1191"}],"wp:term":[{"taxonomy":"product_brand","embeddable":true,"href":"https:\/\/angrypaesano.com\/fr\/wp-json\/wp\/v2\/product_brand?post=1191"},{"taxonomy":"product_cat","embeddable":true,"href":"https:\/\/angrypaesano.com\/fr\/wp-json\/wp\/v2\/product_cat?post=1191"},{"taxonomy":"product_tag","embeddable":true,"href":"https:\/\/angrypaesano.com\/fr\/wp-json\/wp\/v2\/product_tag?post=1191"}],"curies":[{"name":"wp","href":"https:\/\/api.w.org\/{rel}","templated":true}]}}