{"id":1783,"date":"2023-12-15T12:19:39","date_gmt":"2023-12-15T17:19:39","guid":{"rendered":"https:\/\/angrypaesano.com\/product\/quattro-fromaggi-bianco-commande-speciale\/"},"modified":"2023-12-15T12:19:39","modified_gmt":"2023-12-15T17:19:39","slug":"quattro-fromaggi-bianco-commande-speciale","status":"publish","type":"product","link":"https:\/\/angrypaesano.com\/fr\/produit\/quattro-fromaggi-bianco-commande-speciale\/","title":{"rendered":"Quattro Fromaggi Bianco <i class=\"fa-solid fa-leaf\" style=\"color: green;\"><\/i> (Commande sp\u00e9ciale)"},"content":{"rendered":"<h4><em>FR Cuire congel\u00e9 au four \u00e0 500 degr\u00e9s pendant 5 \u00e0 7 minutes, directement sur la grille.<\/em><\/h4>\n<p><strong><em>Ingredients: <\/em><\/strong><br \/>\nMozzarella, fromage asiago, parmesan, pecorino romano.<\/p>\n","protected":false},"excerpt":{"rendered":"<p>&nbsp;<\/p>\n<p><strong>Pizza Congel\u00e9 <\/strong><\/p>\n<p><strong><em>Ingredients: <\/em><\/strong><br \/>\nSan Marzano tomatoes, Mozzarella cheese, parmesan, olive oil, basil.<\/p>\n","protected":false},"featured_media":1780,"comment_status":"open","ping_status":"closed","template":"","meta":{"_acf_changed":false,"_et_pb_use_builder":"","_et_pb_old_content":"","_et_gb_content_width":""},"product_brand":[],"product_cat":[83,84,85],"product_tag":[64,67,82],"class_list":{"0":"post-1783","1":"product","2":"type-product","3":"status-publish","4":"has-post-thumbnail","6":"product_cat-pizza-fr","7":"product_cat-pizza-surgelee","8":"product_cat-vegetarien","9":"product_tag-mozarella-fr","10":"product_tag-parmesan-fr","11":"product_tag-vegetarien","13":"first","14":"instock","15":"featured","16":"shipping-taxable","17":"purchasable","18":"product-type-simple"},"acf":[],"aioseo_notices":[],"_links":{"self":[{"href":"https:\/\/angrypaesano.com\/fr\/wp-json\/wp\/v2\/product\/1783","targetHints":{"allow":["GET"]}}],"collection":[{"href":"https:\/\/angrypaesano.com\/fr\/wp-json\/wp\/v2\/product"}],"about":[{"href":"https:\/\/angrypaesano.com\/fr\/wp-json\/wp\/v2\/types\/product"}],"replies":[{"embeddable":true,"href":"https:\/\/angrypaesano.com\/fr\/wp-json\/wp\/v2\/comments?post=1783"}],"wp:featuredmedia":[{"embeddable":true,"href":"https:\/\/angrypaesano.com\/fr\/wp-json\/wp\/v2\/media\/1780"}],"wp:attachment":[{"href":"https:\/\/angrypaesano.com\/fr\/wp-json\/wp\/v2\/media?parent=1783"}],"wp:term":[{"taxonomy":"product_brand","embeddable":true,"href":"https:\/\/angrypaesano.com\/fr\/wp-json\/wp\/v2\/product_brand?post=1783"},{"taxonomy":"product_cat","embeddable":true,"href":"https:\/\/angrypaesano.com\/fr\/wp-json\/wp\/v2\/product_cat?post=1783"},{"taxonomy":"product_tag","embeddable":true,"href":"https:\/\/angrypaesano.com\/fr\/wp-json\/wp\/v2\/product_tag?post=1783"}],"curies":[{"name":"wp","href":"https:\/\/api.w.org\/{rel}","templated":true}]}}