{"id":642,"date":"2022-04-20T22:38:03","date_gmt":"2022-04-21T02:38:03","guid":{"rendered":"https:\/\/angrypaesano.com\/product\/le-veggie-vegetarien\/"},"modified":"2023-09-05T11:16:57","modified_gmt":"2023-09-05T15:16:57","slug":"vege","status":"publish","type":"product","link":"https:\/\/angrypaesano.com\/fr\/produit\/vege\/","title":{"rendered":"V\u00e9g\u00e9 <i class=\"fa-solid fa-leaf\" style=\"color:green\"><\/i>"},"content":{"rendered":"<h4><em>Faites cuire \u00e0 partir du cong\u00e9lateur dans le four \u00e0 500 degr\u00e9s pendant 5-7 minutes, directement sur la grille.<\/em><br \/>&nbsp;<\/h4>\n<p><strong><em>Ingr\u00e9dients : <\/em><\/strong><br \/>\nTomates San Marzano, fromage mozzarella, poivrons, champignons saut\u00e9s, oignons rouges.<\/p>\n<p>Un havre de paix pour les v\u00e9g\u00e9tariens, avec des poivrons et des champignons fra\u00eechement hach\u00e9s.<\/p>\n<p><strong><em>Les id\u00e9es du chef :<\/em><\/strong><br \/>\nVous pouvez ajouter une vari\u00e9t\u00e9 de condamnations \u00e0 celui-ci ! Sirop d&rsquo;\u00e9rable, parmesan, ou flocons de piment.<\/p>\n","protected":false},"excerpt":{"rendered":"<p>&nbsp;<\/p>\n<p><strong>Pizza surgel\u00e9e<\/strong><\/p>\n<p><strong><em>Ingr\u00e9dients : <\/em><\/strong><br \/>\nTomates San Marzano, fromage mozzarella, poivrons, champignons saut\u00e9s, oignons rouges.<\/p>\n","protected":false},"featured_media":1693,"comment_status":"open","ping_status":"closed","template":"","meta":{"_acf_changed":false,"_et_pb_use_builder":"","_et_pb_old_content":"","_et_gb_content_width":""},"product_brand":[],"product_cat":[83,84,85],"product_tag":[78,64,74,73,56,82],"class_list":{"0":"post-642","1":"product","2":"type-product","3":"status-publish","4":"has-post-thumbnail","6":"product_cat-pizza-fr","7":"product_cat-pizza-surgelee","8":"product_cat-vegetarien","9":"product_tag-champignons-sautes","10":"product_tag-mozarella-fr","11":"product_tag-oignons-rouges","12":"product_tag-poivrons-rouges","13":"product_tag-tomates-san-marzano","14":"product_tag-vegetarien","16":"first","17":"instock","18":"featured","19":"shipping-taxable","20":"purchasable","21":"product-type-simple"},"acf":[],"aioseo_notices":[],"_links":{"self":[{"href":"https:\/\/angrypaesano.com\/fr\/wp-json\/wp\/v2\/product\/642","targetHints":{"allow":["GET"]}}],"collection":[{"href":"https:\/\/angrypaesano.com\/fr\/wp-json\/wp\/v2\/product"}],"about":[{"href":"https:\/\/angrypaesano.com\/fr\/wp-json\/wp\/v2\/types\/product"}],"replies":[{"embeddable":true,"href":"https:\/\/angrypaesano.com\/fr\/wp-json\/wp\/v2\/comments?post=642"}],"wp:featuredmedia":[{"embeddable":true,"href":"https:\/\/angrypaesano.com\/fr\/wp-json\/wp\/v2\/media\/1693"}],"wp:attachment":[{"href":"https:\/\/angrypaesano.com\/fr\/wp-json\/wp\/v2\/media?parent=642"}],"wp:term":[{"taxonomy":"product_brand","embeddable":true,"href":"https:\/\/angrypaesano.com\/fr\/wp-json\/wp\/v2\/product_brand?post=642"},{"taxonomy":"product_cat","embeddable":true,"href":"https:\/\/angrypaesano.com\/fr\/wp-json\/wp\/v2\/product_cat?post=642"},{"taxonomy":"product_tag","embeddable":true,"href":"https:\/\/angrypaesano.com\/fr\/wp-json\/wp\/v2\/product_tag?post=642"}],"curies":[{"name":"wp","href":"https:\/\/api.w.org\/{rel}","templated":true}]}}