{"id":694,"date":"2022-04-08T11:36:19","date_gmt":"2022-04-08T15:36:19","guid":{"rendered":"https:\/\/angrypaesano.com\/product\/margherita-vegetarien\/"},"modified":"2024-06-26T17:44:21","modified_gmt":"2024-06-26T21:44:21","slug":"margherita","status":"publish","type":"product","link":"https:\/\/angrypaesano.com\/fr\/produit\/margherita\/","title":{"rendered":"MargheRITA <i class=\"fa-solid fa-leaf\" style=\"color: green;\"><\/i>"},"content":{"rendered":"<h4><em>Faites cuire \u00e0 partir du cong\u00e9lateur dans le four \u00e0 500 degr\u00e9s pendant 5-7 minutes, directement sur la grille.<\/em><\/h4>\n<p><strong><em>Ingr\u00e9dients : <\/em><\/strong><br \/>\nTomates San Marzano, mozzarella, parmesan, huile d&rsquo;olive, basilic.<\/p>\n<p>En l&rsquo;honneur de mon mentor en mati\u00e8re de pizza, Rita Salcito, nous vous pr\u00e9sentons la MargheRITA ! C&rsquo;est ici que l&rsquo;histoire de la pizza commence !<\/p>\n<p><strong><em>Les id\u00e9es du chef : <\/em><\/strong><br \/>\nVous pouvez verser un filet d&rsquo;huile d&rsquo;olive extra vierge avant de servir.<\/p>\n","protected":false},"excerpt":{"rendered":"<p>&nbsp;<\/p>\n<p><strong>Pizza surgel\u00e9e<\/strong><\/p>\n<p><strong><em>Ingr\u00e9dients : <\/em><\/strong><br \/>\nTomates San Marzano, mozzarella, parmesan, huile d&rsquo;olive, basilic.<\/p>\n","protected":false},"featured_media":1773,"comment_status":"open","ping_status":"closed","template":"","meta":{"_acf_changed":false,"_et_pb_use_builder":"","_et_pb_old_content":"","_et_gb_content_width":""},"product_brand":[],"product_cat":[83,84,85],"product_tag":[58,65,64,67,75,56,82],"class_list":{"0":"post-694","1":"product","2":"type-product","3":"status-publish","4":"has-post-thumbnail","6":"product_cat-pizza-fr","7":"product_cat-pizza-surgelee","8":"product_cat-vegetarien","9":"product_tag-basilic","10":"product_tag-huile-dolive","11":"product_tag-mozarella-fr","12":"product_tag-parmesan-fr","13":"product_tag-sauce-rouge","14":"product_tag-tomates-san-marzano","15":"product_tag-vegetarien","17":"first","18":"instock","19":"featured","20":"shipping-taxable","21":"purchasable","22":"product-type-simple"},"acf":[],"aioseo_notices":[],"_links":{"self":[{"href":"https:\/\/angrypaesano.com\/fr\/wp-json\/wp\/v2\/product\/694","targetHints":{"allow":["GET"]}}],"collection":[{"href":"https:\/\/angrypaesano.com\/fr\/wp-json\/wp\/v2\/product"}],"about":[{"href":"https:\/\/angrypaesano.com\/fr\/wp-json\/wp\/v2\/types\/product"}],"replies":[{"embeddable":true,"href":"https:\/\/angrypaesano.com\/fr\/wp-json\/wp\/v2\/comments?post=694"}],"wp:featuredmedia":[{"embeddable":true,"href":"https:\/\/angrypaesano.com\/fr\/wp-json\/wp\/v2\/media\/1773"}],"wp:attachment":[{"href":"https:\/\/angrypaesano.com\/fr\/wp-json\/wp\/v2\/media?parent=694"}],"wp:term":[{"taxonomy":"product_brand","embeddable":true,"href":"https:\/\/angrypaesano.com\/fr\/wp-json\/wp\/v2\/product_brand?post=694"},{"taxonomy":"product_cat","embeddable":true,"href":"https:\/\/angrypaesano.com\/fr\/wp-json\/wp\/v2\/product_cat?post=694"},{"taxonomy":"product_tag","embeddable":true,"href":"https:\/\/angrypaesano.com\/fr\/wp-json\/wp\/v2\/product_tag?post=694"}],"curies":[{"name":"wp","href":"https:\/\/api.w.org\/{rel}","templated":true}]}}