{"id":703,"date":"2022-04-10T13:48:36","date_gmt":"2022-04-10T17:48:36","guid":{"rendered":"https:\/\/angrypaesano.com\/product\/carne\/"},"modified":"2024-09-14T11:37:34","modified_gmt":"2024-09-14T15:37:34","slug":"carne","status":"publish","type":"product","link":"https:\/\/angrypaesano.com\/fr\/produit\/carne\/","title":{"rendered":"Carne"},"content":{"rendered":"<h4><em>Faites cuire \u00e0 partir du cong\u00e9lateur dans le four \u00e0 500 degr\u00e9s pendant 5-7 minutes, directement sur la grille.<\/em><\/h4>\n<p><strong><em>Ingr\u00e9dients : <\/em><\/strong><br \/>\nTomates San Marzano, fromage mozzarella, pepperoni, saucisse r\u00f4tie, bacon.<\/p>\n<p>Un m\u00e9lange de pepperoni, de saucisses et de bacon, cette pizza pour amateurs de viande satisfera le carnivore en vous.<\/p>\n<p><strong><em>Les id\u00e9es du chef : <\/em><\/strong><br \/>\nLaissez la pizza reposer pendant 3 minutes hors du four avant de la servir.<\/p>\n","protected":false},"excerpt":{"rendered":"<p>&nbsp;<\/p>\n<p><strong>Pizza surgel\u00e9e<\/strong><\/p>\n<p><strong><em>Ingr\u00e9dients : <\/em><\/strong><br \/>\nTomates San Marzano, fromage mozzarella, pepperoni, saucisse r\u00f4tie, bacon.<\/p>\n","protected":false},"featured_media":1695,"comment_status":"open","ping_status":"closed","template":"","meta":{"_acf_changed":false,"_et_pb_use_builder":"","_et_pb_old_content":"","_et_gb_content_width":""},"product_brand":[],"product_cat":[83,84],"product_tag":[57,64,70,77,56],"class_list":{"0":"post-703","1":"product","2":"type-product","3":"status-publish","4":"has-post-thumbnail","6":"product_cat-pizza-fr","7":"product_cat-pizza-surgelee","8":"product_tag-bacon-fr","9":"product_tag-mozarella-fr","10":"product_tag-pepperoni-fr","11":"product_tag-saucisse-rotie","12":"product_tag-tomates-san-marzano","14":"first","15":"instock","16":"shipping-taxable","17":"purchasable","18":"product-type-simple"},"acf":[],"aioseo_notices":[],"_links":{"self":[{"href":"https:\/\/angrypaesano.com\/fr\/wp-json\/wp\/v2\/product\/703","targetHints":{"allow":["GET"]}}],"collection":[{"href":"https:\/\/angrypaesano.com\/fr\/wp-json\/wp\/v2\/product"}],"about":[{"href":"https:\/\/angrypaesano.com\/fr\/wp-json\/wp\/v2\/types\/product"}],"replies":[{"embeddable":true,"href":"https:\/\/angrypaesano.com\/fr\/wp-json\/wp\/v2\/comments?post=703"}],"wp:featuredmedia":[{"embeddable":true,"href":"https:\/\/angrypaesano.com\/fr\/wp-json\/wp\/v2\/media\/1695"}],"wp:attachment":[{"href":"https:\/\/angrypaesano.com\/fr\/wp-json\/wp\/v2\/media?parent=703"}],"wp:term":[{"taxonomy":"product_brand","embeddable":true,"href":"https:\/\/angrypaesano.com\/fr\/wp-json\/wp\/v2\/product_brand?post=703"},{"taxonomy":"product_cat","embeddable":true,"href":"https:\/\/angrypaesano.com\/fr\/wp-json\/wp\/v2\/product_cat?post=703"},{"taxonomy":"product_tag","embeddable":true,"href":"https:\/\/angrypaesano.com\/fr\/wp-json\/wp\/v2\/product_tag?post=703"}],"curies":[{"name":"wp","href":"https:\/\/api.w.org\/{rel}","templated":true}]}}