{"id":704,"date":"2022-04-10T13:44:56","date_gmt":"2022-04-10T17:44:56","guid":{"rendered":"https:\/\/angrypaesano.com\/product\/saucisse-rapini\/"},"modified":"2024-07-03T13:34:40","modified_gmt":"2024-07-03T17:34:40","slug":"saucisse-rapini","status":"publish","type":"product","link":"https:\/\/angrypaesano.com\/fr\/produit\/saucisse-rapini\/","title":{"rendered":"Saucisse rapini"},"content":{"rendered":"<h4><em>Faites cuire \u00e0 partir du cong\u00e9lateur dans le four \u00e0 500 degr\u00e9s pendant 5-7 minutes, directement sur la grille.<\/em><\/h4>\n<p><strong><em>Ingr\u00e9dients : <\/em><\/strong><br \/>\nTomates San Marzano, fromage mozzarella, saucisse \u00e9pic\u00e9e, rapini, ail r\u00f4ti.<\/p>\n<p>Une tradition italienne. La saucisse grill\u00e9e, riche et savoureuse, compl\u00e8te l&rsquo;amertume du rapini saut\u00e9.<\/p>\n<p><strong><em>Les id\u00e9es du chef : <\/em><\/strong><br \/>\nLaissez la pizza reposer pendant 3 minutes hors du four avant de la servir.<\/p>\n","protected":false},"excerpt":{"rendered":"<p>&nbsp;<\/p>\n<p><strong>Pizza surgel\u00e9e<\/strong><\/p>\n<p><strong><em>Ingr\u00e9dients : <\/em><\/strong><br \/>\nTomates San Marzano, fromage mozzarella, saucisse \u00e9pic\u00e9e, rapini, ail r\u00f4ti.<\/p>\n","protected":false},"featured_media":1778,"comment_status":"open","ping_status":"closed","template":"","meta":{"_acf_changed":false,"_et_pb_use_builder":"","_et_pb_old_content":"","_et_gb_content_width":""},"product_brand":[],"product_cat":[83,84],"product_tag":[60,64,72,63,79,56],"class_list":{"0":"post-704","1":"product","2":"type-product","3":"status-publish","4":"has-post-thumbnail","6":"product_cat-pizza-fr","7":"product_cat-pizza-surgelee","8":"product_tag-ail","9":"product_tag-mozarella-fr","10":"product_tag-rapini-fr","11":"product_tag-saucisse-douce","12":"product_tag-saucisse-epicee","13":"product_tag-tomates-san-marzano","15":"first","16":"instock","17":"shipping-taxable","18":"purchasable","19":"product-type-simple"},"acf":[],"aioseo_notices":[],"_links":{"self":[{"href":"https:\/\/angrypaesano.com\/fr\/wp-json\/wp\/v2\/product\/704","targetHints":{"allow":["GET"]}}],"collection":[{"href":"https:\/\/angrypaesano.com\/fr\/wp-json\/wp\/v2\/product"}],"about":[{"href":"https:\/\/angrypaesano.com\/fr\/wp-json\/wp\/v2\/types\/product"}],"replies":[{"embeddable":true,"href":"https:\/\/angrypaesano.com\/fr\/wp-json\/wp\/v2\/comments?post=704"}],"wp:featuredmedia":[{"embeddable":true,"href":"https:\/\/angrypaesano.com\/fr\/wp-json\/wp\/v2\/media\/1778"}],"wp:attachment":[{"href":"https:\/\/angrypaesano.com\/fr\/wp-json\/wp\/v2\/media?parent=704"}],"wp:term":[{"taxonomy":"product_brand","embeddable":true,"href":"https:\/\/angrypaesano.com\/fr\/wp-json\/wp\/v2\/product_brand?post=704"},{"taxonomy":"product_cat","embeddable":true,"href":"https:\/\/angrypaesano.com\/fr\/wp-json\/wp\/v2\/product_cat?post=704"},{"taxonomy":"product_tag","embeddable":true,"href":"https:\/\/angrypaesano.com\/fr\/wp-json\/wp\/v2\/product_tag?post=704"}],"curies":[{"name":"wp","href":"https:\/\/api.w.org\/{rel}","templated":true}]}}