{"id":705,"date":"2022-04-10T13:16:44","date_gmt":"2022-04-10T17:16:44","guid":{"rendered":"https:\/\/angrypaesano.com\/product\/americano\/"},"modified":"2025-03-21T10:23:16","modified_gmt":"2025-03-21T14:23:16","slug":"americano-2","status":"publish","type":"product","link":"https:\/\/angrypaesano.com\/fr\/produit\/americano-2\/","title":{"rendered":"Montr\u00e9alaise"},"content":{"rendered":"<h4><em>Faites cuire \u00e0 partir du cong\u00e9lateur dans le four \u00e0 500 degr\u00e9s pendant 5-7 minutes, directement sur la grille.<\/em><\/h4>\n<p><strong><em>Ingr\u00e9dients : <\/em><\/strong><br \/>\nTomates San Marzano, fromage mozzarella, pepperoni, champignons, poivrons.<\/p>\n<p>Traditionnelle et nostalgique, nous avons tous grandi avec cette tarte. Qu&rsquo;il s&rsquo;agisse de collations apr\u00e8s l&rsquo;\u00e9cole ou de regarder des \u00e9v\u00e9nements sportifs avec des amis, la pizza ne peut pas \u00eatre plus r\u00e9confortante que cela !<\/p>\n<p><strong><em>Les id\u00e9es du chef : <\/em><\/strong><br \/>\nAucun ! Pourquoi g\u00e2cher une chose parfaite ?<\/p>\n","protected":false},"excerpt":{"rendered":"<p>&nbsp;<\/p>\n<p><strong>Pizza surgel\u00e9e<\/strong><\/p>\n<p><strong><em>Ingr\u00e9dients : <\/em><\/strong><br \/>\nTomates San Marzano, fromage mozzarella, pepperoni, champignons, poivrons.<\/p>\n","protected":false},"featured_media":1699,"comment_status":"open","ping_status":"closed","template":"","meta":{"_acf_changed":false,"_et_pb_use_builder":"","_et_pb_old_content":"","_et_gb_content_width":""},"product_brand":[],"product_cat":[83,84],"product_tag":[59,64,70,73,56],"class_list":{"0":"post-705","1":"product","2":"type-product","3":"status-publish","4":"has-post-thumbnail","6":"product_cat-pizza-fr","7":"product_cat-pizza-surgelee","8":"product_tag-champignons-parisienne-fr","9":"product_tag-mozarella-fr","10":"product_tag-pepperoni-fr","11":"product_tag-poivrons-rouges","12":"product_tag-tomates-san-marzano","14":"first","15":"instock","16":"shipping-taxable","17":"purchasable","18":"product-type-simple"},"acf":[],"aioseo_notices":[],"_links":{"self":[{"href":"https:\/\/angrypaesano.com\/fr\/wp-json\/wp\/v2\/product\/705","targetHints":{"allow":["GET"]}}],"collection":[{"href":"https:\/\/angrypaesano.com\/fr\/wp-json\/wp\/v2\/product"}],"about":[{"href":"https:\/\/angrypaesano.com\/fr\/wp-json\/wp\/v2\/types\/product"}],"replies":[{"embeddable":true,"href":"https:\/\/angrypaesano.com\/fr\/wp-json\/wp\/v2\/comments?post=705"}],"wp:featuredmedia":[{"embeddable":true,"href":"https:\/\/angrypaesano.com\/fr\/wp-json\/wp\/v2\/media\/1699"}],"wp:attachment":[{"href":"https:\/\/angrypaesano.com\/fr\/wp-json\/wp\/v2\/media?parent=705"}],"wp:term":[{"taxonomy":"product_brand","embeddable":true,"href":"https:\/\/angrypaesano.com\/fr\/wp-json\/wp\/v2\/product_brand?post=705"},{"taxonomy":"product_cat","embeddable":true,"href":"https:\/\/angrypaesano.com\/fr\/wp-json\/wp\/v2\/product_cat?post=705"},{"taxonomy":"product_tag","embeddable":true,"href":"https:\/\/angrypaesano.com\/fr\/wp-json\/wp\/v2\/product_tag?post=705"}],"curies":[{"name":"wp","href":"https:\/\/api.w.org\/{rel}","templated":true}]}}