{"id":718,"date":"2022-04-09T17:42:28","date_gmt":"2022-04-09T21:42:28","guid":{"rendered":"https:\/\/angrypaesano.com\/product\/le-diavolo\/"},"modified":"2024-09-14T11:37:34","modified_gmt":"2024-09-14T15:37:34","slug":"le-diavolo","status":"publish","type":"product","link":"https:\/\/angrypaesano.com\/fr\/produit\/le-diavolo\/","title":{"rendered":"Diavolo"},"content":{"rendered":"<h4><em>Faites cuire \u00e0 partir du cong\u00e9lateur dans le four \u00e0 500 degr\u00e9s pendant 5-7 minutes, directement sur la grille.<\/em><br \/>&nbsp;<\/h4>\n<p><strong><em>Ingr\u00e9dients : <\/em><\/strong><br \/>\nTomates San Marzano, fromage mozzarella, soppressata \u00e9pic\u00e9e, ricotta, oignons rouges.<\/p>\n<p>Cette tarte \u00e9pic\u00e9e et savoureuse a un sacr\u00e9 punch. Garni d&rsquo;une finition de ricotta cr\u00e9meuse pour rafra\u00eechir la palette !<\/p>\n<p><strong><em>Les id\u00e9es du chef : <\/em><\/strong><br \/>\nEssayez d&rsquo;ajouter un filet de miel une fois le produit chauff\u00e9. La combinaison sucr\u00e9e et \u00e9pic\u00e9e est un m\u00e9lange d\u00e9licieux !<\/p>\n","protected":false},"excerpt":{"rendered":"<p>&nbsp;<\/p>\n<p><strong>Pizza surgel\u00e9e<\/strong><\/p>\n<p><strong><em>Ingr\u00e9dients : <\/em><\/strong><br \/>\nTomates San Marzano, fromage mozzarella, soppressata \u00e9pic\u00e9e, ricotta, oignons rouges.<\/p>\n","protected":false},"featured_media":1776,"comment_status":"open","ping_status":"closed","template":"","meta":{"_acf_changed":false,"_et_pb_use_builder":"","_et_pb_old_content":"","_et_gb_content_width":""},"product_brand":[],"product_cat":[83,84],"product_tag":[64,74,68,80,56],"class_list":{"0":"post-718","1":"product","2":"type-product","3":"status-publish","4":"has-post-thumbnail","6":"product_cat-pizza-fr","7":"product_cat-pizza-surgelee","8":"product_tag-mozarella-fr","9":"product_tag-oignons-rouges","10":"product_tag-persil","11":"product_tag-soppressata-epicee","12":"product_tag-tomates-san-marzano","14":"first","15":"instock","16":"shipping-taxable","17":"purchasable","18":"product-type-simple"},"acf":[],"aioseo_notices":[],"_links":{"self":[{"href":"https:\/\/angrypaesano.com\/fr\/wp-json\/wp\/v2\/product\/718","targetHints":{"allow":["GET"]}}],"collection":[{"href":"https:\/\/angrypaesano.com\/fr\/wp-json\/wp\/v2\/product"}],"about":[{"href":"https:\/\/angrypaesano.com\/fr\/wp-json\/wp\/v2\/types\/product"}],"replies":[{"embeddable":true,"href":"https:\/\/angrypaesano.com\/fr\/wp-json\/wp\/v2\/comments?post=718"}],"wp:featuredmedia":[{"embeddable":true,"href":"https:\/\/angrypaesano.com\/fr\/wp-json\/wp\/v2\/media\/1776"}],"wp:attachment":[{"href":"https:\/\/angrypaesano.com\/fr\/wp-json\/wp\/v2\/media?parent=718"}],"wp:term":[{"taxonomy":"product_brand","embeddable":true,"href":"https:\/\/angrypaesano.com\/fr\/wp-json\/wp\/v2\/product_brand?post=718"},{"taxonomy":"product_cat","embeddable":true,"href":"https:\/\/angrypaesano.com\/fr\/wp-json\/wp\/v2\/product_cat?post=718"},{"taxonomy":"product_tag","embeddable":true,"href":"https:\/\/angrypaesano.com\/fr\/wp-json\/wp\/v2\/product_tag?post=718"}],"curies":[{"name":"wp","href":"https:\/\/api.w.org\/{rel}","templated":true}]}}