{"id":720,"date":"2022-04-09T17:33:27","date_gmt":"2022-04-09T21:33:27","guid":{"rendered":"https:\/\/angrypaesano.com\/product\/epinards\/"},"modified":"2025-05-12T11:12:48","modified_gmt":"2025-05-12T15:12:48","slug":"epinards","status":"publish","type":"product","link":"https:\/\/angrypaesano.com\/fr\/produit\/epinards\/","title":{"rendered":"Ricotta &amp; Spinaci <i class=\"fa-solid fa-leaf\" style=\"color: green;\"><\/i> (commande sp\u00e9ciale)"},"content":{"rendered":"<h4><em>FR Cuire congel\u00e9 au four \u00e0 500 degr\u00e9s pendant 5 \u00e0 7 minutes, directement sur la grille.<\/em><\/h4>\n<p><strong><em>Ingredients:<\/em><\/strong><br \/>\nFromage mozzarella, huile d\u2019olive, ail, \u00e9pinards, ricotta, parmesan<\/p>\n<p>Simple et droit au but ! Si vous aimez les \u00e9pinards, c&rsquo;est pour vous.<\/p>\n<p><strong><em>Chef\u2019s ideas: <\/em><\/strong><br \/>\nAjoutez des flocons de piment pour une exp\u00e9rience plus \u00e9pic\u00e9e.<\/p>\n","protected":false},"excerpt":{"rendered":"<p>&nbsp;<\/p>\n<p><strong>Frozen Pizza<\/strong><\/p>\n<p><strong><em>Ingredients: <\/em><\/strong><br \/>\nFromage mozzarella, huile d\u2019olive, ail, \u00e9pinards, ricotta, parmesan<\/p>\n","protected":false},"featured_media":1706,"comment_status":"open","ping_status":"closed","template":"","meta":{"_acf_changed":false,"_et_pb_use_builder":"","_et_pb_old_content":"","_et_gb_content_width":""},"product_brand":[],"product_cat":[83,84,85],"product_tag":[60,81,65,64,76,82],"class_list":{"0":"post-720","1":"product","2":"type-product","3":"status-publish","4":"has-post-thumbnail","6":"product_cat-pizza-fr","7":"product_cat-pizza-surgelee","8":"product_cat-vegetarien","9":"product_tag-ail","10":"product_tag-epinards","11":"product_tag-huile-dolive","12":"product_tag-mozarella-fr","13":"product_tag-ricotta-fr","14":"product_tag-vegetarien","16":"first","17":"instock","18":"shipping-taxable","19":"purchasable","20":"product-type-simple"},"acf":[],"aioseo_notices":[],"_links":{"self":[{"href":"https:\/\/angrypaesano.com\/fr\/wp-json\/wp\/v2\/product\/720","targetHints":{"allow":["GET"]}}],"collection":[{"href":"https:\/\/angrypaesano.com\/fr\/wp-json\/wp\/v2\/product"}],"about":[{"href":"https:\/\/angrypaesano.com\/fr\/wp-json\/wp\/v2\/types\/product"}],"replies":[{"embeddable":true,"href":"https:\/\/angrypaesano.com\/fr\/wp-json\/wp\/v2\/comments?post=720"}],"wp:featuredmedia":[{"embeddable":true,"href":"https:\/\/angrypaesano.com\/fr\/wp-json\/wp\/v2\/media\/1706"}],"wp:attachment":[{"href":"https:\/\/angrypaesano.com\/fr\/wp-json\/wp\/v2\/media?parent=720"}],"wp:term":[{"taxonomy":"product_brand","embeddable":true,"href":"https:\/\/angrypaesano.com\/fr\/wp-json\/wp\/v2\/product_brand?post=720"},{"taxonomy":"product_cat","embeddable":true,"href":"https:\/\/angrypaesano.com\/fr\/wp-json\/wp\/v2\/product_cat?post=720"},{"taxonomy":"product_tag","embeddable":true,"href":"https:\/\/angrypaesano.com\/fr\/wp-json\/wp\/v2\/product_tag?post=720"}],"curies":[{"name":"wp","href":"https:\/\/api.w.org\/{rel}","templated":true}]}}