{"id":721,"date":"2022-04-09T17:27:04","date_gmt":"2022-04-09T21:27:04","guid":{"rendered":"https:\/\/angrypaesano.com\/product\/funghi\/"},"modified":"2024-09-14T11:37:33","modified_gmt":"2024-09-14T15:37:33","slug":"funghi","status":"publish","type":"product","link":"https:\/\/angrypaesano.com\/fr\/produit\/funghi\/","title":{"rendered":"Funghi <i class=\"fa-solid fa-leaf\" style=\"color:green\"><\/i>"},"content":{"rendered":"<h4><em>Faites cuire \u00e0 partir du cong\u00e9lateur dans le four \u00e0 500 degr\u00e9s pendant 5-7 minutes, directement sur la grille.<\/em><br \/>&nbsp;<\/h4>\n<p><strong><em>Ingr\u00e9dients : <\/em><\/strong><br \/>\nFromage mozzarella, champignon, huile d&rsquo;olive, ail, herbes, jus de citron.<\/p>\n<p>Un m\u00e9lange frais d&rsquo;herbes et d&rsquo;\u00e9pices est ajout\u00e9 \u00e0 un champignon de Paris saut\u00e9. Avec une touche de citron, cette pizza rafra\u00eechissante est un d\u00e9lice d&rsquo;\u00e9t\u00e9 !<\/p>\n<p><strong><em>Les id\u00e9es du chef : <\/em><\/strong><br \/>\n\u00c0 d\u00e9guster directement \u00e0 la sortie du four, tel quel, ou&#8230; Tu aimes les choses un peu plus ringardes ? Essayez de saupoudrer un peu de parmesan sur le dessus !<\/p>\n","protected":false},"excerpt":{"rendered":"<p>&nbsp;<\/p>\n<p><strong>Pizza surgel\u00e9e<\/strong><\/p>\n<p><strong><em>Ingr\u00e9dients : <\/em><\/strong><br \/>\nFromage mozzarella, champignon, huile d&rsquo;olive, ail, herbes, jus de citron.<\/p>\n","protected":false},"featured_media":1708,"comment_status":"open","ping_status":"closed","template":"","meta":{"_acf_changed":false,"_et_pb_use_builder":"","_et_pb_old_content":"","_et_gb_content_width":""},"product_brand":[],"product_cat":[83,84,85],"product_tag":[60,61,65,62,64,82],"class_list":{"0":"post-721","1":"product","2":"type-product","3":"status-publish","4":"has-post-thumbnail","6":"product_cat-pizza-fr","7":"product_cat-pizza-surgelee","8":"product_cat-vegetarien","9":"product_tag-ail","10":"product_tag-herbes","11":"product_tag-huile-dolive","12":"product_tag-jus-de-citron","13":"product_tag-mozarella-fr","14":"product_tag-vegetarien","16":"first","17":"instock","18":"featured","19":"shipping-taxable","20":"purchasable","21":"product-type-simple"},"acf":[],"aioseo_notices":[],"_links":{"self":[{"href":"https:\/\/angrypaesano.com\/fr\/wp-json\/wp\/v2\/product\/721","targetHints":{"allow":["GET"]}}],"collection":[{"href":"https:\/\/angrypaesano.com\/fr\/wp-json\/wp\/v2\/product"}],"about":[{"href":"https:\/\/angrypaesano.com\/fr\/wp-json\/wp\/v2\/types\/product"}],"replies":[{"embeddable":true,"href":"https:\/\/angrypaesano.com\/fr\/wp-json\/wp\/v2\/comments?post=721"}],"wp:featuredmedia":[{"embeddable":true,"href":"https:\/\/angrypaesano.com\/fr\/wp-json\/wp\/v2\/media\/1708"}],"wp:attachment":[{"href":"https:\/\/angrypaesano.com\/fr\/wp-json\/wp\/v2\/media?parent=721"}],"wp:term":[{"taxonomy":"product_brand","embeddable":true,"href":"https:\/\/angrypaesano.com\/fr\/wp-json\/wp\/v2\/product_brand?post=721"},{"taxonomy":"product_cat","embeddable":true,"href":"https:\/\/angrypaesano.com\/fr\/wp-json\/wp\/v2\/product_cat?post=721"},{"taxonomy":"product_tag","embeddable":true,"href":"https:\/\/angrypaesano.com\/fr\/wp-json\/wp\/v2\/product_tag?post=721"}],"curies":[{"name":"wp","href":"https:\/\/api.w.org\/{rel}","templated":true}]}}